{"id":771,"date":"2018-06-28T00:57:40","date_gmt":"2018-06-28T03:57:40","guid":{"rendered":"https:\/\/isa-juj.infd.edu.ar\/sitio\/ficha-de-inscripcion\/"},"modified":"2020-12-06T23:35:11","modified_gmt":"2020-12-07T02:35:11","slug":"ficha-de-inscripcion","status":"publish","type":"page","link":"https:\/\/isa-juj.infd.edu.ar\/sitio\/ficha-de-inscripcion\/","title":{"rendered":"Ficha de Pre-Inscripci\u00f3n 2021"},"content":{"rendered":"<h1 style=\"text-align: center;\">En este <a href=\"https:\/\/forms.gle\/qomcwrts2x4QtFMx8\" rel=\"noopener\">link<\/a> podr\u00e1s realizar la Pre-Inscripci\u00f3n 2021<\/h1>\n<h2 style=\"text-align: center;\">Aqu\u00ed puedes ver un tutorial de como realizar.<\/h2>\n<p><a href=\"https:\/\/forms.gle\/qomcwrts2x4QtFMx8\" rel=\"noopener\"><img decoding=\"async\" loading=\"lazy\" class=\"aligncenter wp-image-1128\" src=\"https:\/\/isa-juj.infd.edu.ar\/sitio\/wp-content\/uploads\/2020\/12\/Inscripcion-1000x930.png\" alt=\"\" width=\"767\" height=\"713\" srcset=\"https:\/\/isa-juj.infd.edu.ar\/sitio\/wp-content\/uploads\/2020\/12\/Inscripcion-1000x930.png 1000w, https:\/\/isa-juj.infd.edu.ar\/sitio\/wp-content\/uploads\/2020\/12\/Inscripcion-768x714.png 768w, https:\/\/isa-juj.infd.edu.ar\/sitio\/wp-content\/uploads\/2020\/12\/Inscripcion-1900x1768.png 1900w\" sizes=\"(max-width: 767px) 100vw, 767px\" \/><\/a><\/p>\n","protected":false},"excerpt":{"rendered":"<p>En este link podr\u00e1s realizar la Pre-Inscripci\u00f3n 2021 Aqu\u00ed puedes ver un tutorial de como realizar.<\/p>\n","protected":false},"author":9,"featured_media":0,"parent":0,"menu_order":0,"comment_status":"closed","ping_status":"closed","template":"","meta":[],"acf":[],"_links":{"self":[{"href":"https:\/\/isa-juj.infd.edu.ar\/sitio\/wp-json\/wp\/v2\/pages\/771"}],"collection":[{"href":"https:\/\/isa-juj.infd.edu.ar\/sitio\/wp-json\/wp\/v2\/pages"}],"about":[{"href":"https:\/\/isa-juj.infd.edu.ar\/sitio\/wp-json\/wp\/v2\/types\/page"}],"author":[{"embeddable":true,"href":"https:\/\/isa-juj.infd.edu.ar\/sitio\/wp-json\/wp\/v2\/users\/9"}],"replies":[{"embeddable":true,"href":"https:\/\/isa-juj.infd.edu.ar\/sitio\/wp-json\/wp\/v2\/comments?post=771"}],"version-history":[{"count":5,"href":"https:\/\/isa-juj.infd.edu.ar\/sitio\/wp-json\/wp\/v2\/pages\/771\/revisions"}],"predecessor-version":[{"id":1132,"href":"https:\/\/isa-juj.infd.edu.ar\/sitio\/wp-json\/wp\/v2\/pages\/771\/revisions\/1132"}],"wp:attachment":[{"href":"https:\/\/isa-juj.infd.edu.ar\/sitio\/wp-json\/wp\/v2\/media?parent=771"}],"curies":[{"name":"wp","href":"https:\/\/api.w.org\/{rel}","templated":true}]}}