{"id":286,"date":"2016-10-31T13:17:59","date_gmt":"2016-10-31T16:17:59","guid":{"rendered":"https:\/\/isa-juj.infd.edu.ar\/sitio\/?page_id=286"},"modified":"2021-03-02T22:53:30","modified_gmt":"2021-03-03T01:53:30","slug":"inicio","status":"publish","type":"page","link":"https:\/\/isa-juj.infd.edu.ar\/sitio\/","title":{"rendered":"Inicio"},"content":{"rendered":"<div id=\"metaslider-id-403\" style=\"width: 100%;\" class=\"ml-slider-3-33-0 metaslider metaslider-flex metaslider-403 ml-slider ms-theme-default\" role=\"region\" aria-roledescription=\"Slideshow\" aria-label=\"Slideshow\">\n    <div id=\"metaslider_container_403\">\n        <div id=\"metaslider_403\" class=\"flexslider\">\n            <ul aria-live=\"polite\" class=\"slides\">\n                <li style=\"display: block; width: 100%;\" class=\"slide-607 ms-image\" aria-roledescription=\"slide\" aria-label=\"slide-607\"><a href=\"https:\/\/mapa.infd.edu.ar\/\" target=\"_blank\"><img src=\"https:\/\/isa-juj.infd.edu.ar\/sitio\/wp-content\/uploads\/2018\/06\/mapa_infd6-1100x200.png\" height=\"200\" width=\"1100\" alt=\"\" class=\"slider-403 slide-607\" title=\"mapa_infd6\" \/><\/a><\/li>\n                <li style=\"display: none; width: 100%;\" class=\"slide-609 ms-image\" aria-roledescription=\"slide\" aria-label=\"slide-609\"><a href=\"https:\/\/www.argentina.gob.ar\/educacion\/becas\" target=\"_blank\"><img src=\"https:\/\/isa-juj.infd.edu.ar\/sitio\/wp-content\/uploads\/2018\/06\/becas7-1100x200.png\" height=\"200\" width=\"1100\" alt=\"\" class=\"slider-403 slide-609\" title=\"becas7\" \/><\/a><\/li>\n                <li style=\"display: none; width: 100%;\" class=\"slide-635 ms-image\" aria-roledescription=\"slide\" aria-label=\"slide-635\"><a href=\"https:\/\/www.argentina.gob.ar\/tema\/estudiar\/formacion-docencia\" target=\"_blank\"><img src=\"https:\/\/isa-juj.infd.edu.ar\/sitio\/wp-content\/uploads\/2018\/06\/convocatorias_slide6-1-1100x200.png\" height=\"200\" width=\"1100\" alt=\"\" class=\"slider-403 slide-635\" title=\"convocatorias_slide6-1\" \/><\/a><\/li>\n            <\/ul>\n        <\/div>\n        \n    <\/div>\n<\/div>\n<table id=\"table1\" style=\"width: 798px; height: 977px;\" border=\"1\" cellspacing=\"0\" cellpadding=\"10\" align=\"center\">\n<tbody>\n<tr>\n<td style=\"border: 1px solid;\"><img decoding=\"async\" loading=\"lazy\" class=\"wp-image-922 alignright\" style=\"font-family: inherit; font-size: inherit;\" src=\"https:\/\/isa-juj.infd.edu.ar\/sitio\/wp-content\/uploads\/2020\/04\/danza.jpg\" alt=\"\" width=\"58\" height=\"58\" \/><\/p>\n<p><img decoding=\"async\" loading=\"lazy\" class=\"wp-image-678 alignleft\" style=\"font-family: inherit; font-size: inherit; color: #333333;\" src=\"https:\/\/isa-juj.infd.edu.ar\/sitio\/wp-content\/uploads\/2018\/06\/ISA.jpg\" alt=\"\" width=\"71\" height=\"57\" \/><\/p>\n<p style=\"text-align: center;\"><span style=\"font-size: 18pt;\"><strong><span style=\"font-family: Verdana;\">INSTITUTO SUPERIOR DE ARTE<\/span><\/strong><\/span><\/p>\n<pre style=\"text-align: center;\"><span style=\"color: #993366;\"><em><span style=\"font-size: 18pt;\"><strong><span style=\"font-family: Verdana;\">Escuela Superior de Danza \n\"Norma Fontenla\"<\/span><\/strong><\/span><\/em><\/span><\/pre>\n<p style=\"text-align: justify;\"><span style=\"font-size: 10pt; color: black; font-family: Verdana;\">El Instituto Superior de Arte fue creado por Ley N\u00ba 5364, el 20 de noviembre del a\u00f1o 2003. Se constituye el mismo con las siguientes Instituciones:<\/span><\/p>\n<p style=\"text-align: justify;\"><strong><span style=\"font-size: 10pt; color: black; font-family: Verdana;\">&#8211;\u00a0\u00a0\u00a0\u00a0\u00a0\u00a0\u00a0<a title=\"Escuela Superior de Danza \" href=\"index.cgi?wid_seccion=17\"> Escuela Superior de Danza \u00abNorma Fontenla\u00bb<\/a><\/span><\/strong><\/p>\n<p style=\"text-align: justify;\"><strong><span style=\"font-size: 10pt; font-family: Verdana;\">&#8211;\u00a0\u00a0\u00a0\u00a0\u00a0\u00a0\u00a0 Escuela Superior de M\u00fasica<\/span><\/strong><\/p>\n<p style=\"text-align: justify;\"><strong><span style=\"font-size: 10pt; color: black; font-family: Verdana;\">&#8211;\u00a0\u00a0\u00a0\u00a0\u00a0\u00a0\u00a0 Escuela Superior de Arte N\u00ba 2 Hermogenes Cayo<\/span><\/strong><\/p>\n<p style=\"text-align: justify;\"><strong><span style=\"font-size: 10pt; color: black; font-family: Verdana;\">&#8211;\u00a0\u00a0\u00a0\u00a0\u00a0\u00a0\u00a0 Escuela Provincial de Teatro Tito Guerra<\/span><\/strong><\/p>\n<p style=\"text-align: justify;\"><span style=\"font-size: 10pt; color: black; font-family: Verdana;\">La misma Ley, establecio que la Escuela Superior de M\u00fasica y Danza, que por decreto 6523-ec-98, continuaran integrando el Instituto Superior de Formaci\u00f3n Docente N\u00ba 4 hasta concluir el proceso de acreditaci\u00f3n plena.<\/span><\/p>\n<p style=\"text-align: justify;\"><span style=\"font-size: 10pt; color: black; font-family: Verdana;\">El Instituto Superior de Arte, tendr\u00e1 por misi\u00f3n, la formaci\u00f3n de t\u00e9cnicos, artistas y docentes. Para ello cumplir\u00e1 con las funciones de formaci\u00f3n docente inicial, de investigaci\u00f3n, de problem\u00e1ticas vinculadas con el arte y la educaci\u00f3n, de capacitaci\u00f3n, perfeccionamiento y actualizaci\u00f3n de problem\u00e1ticas vinculadas al arte, y de extensi\u00f3n a la comunidad, a fin de difundir la cultura y la educaci\u00f3n art\u00edstica.<\/span><\/p>\n<p style=\"text-align: justify;\"><span style=\"font-size: 10pt; color: black; font-family: Verdana;\">Entre sus objetivos atender la demanda de formaci\u00f3n docente en arte y funcionar como centro de extensi\u00f3n de acciones art\u00edsticos culturales y educativas formales y no formales.<\/span><\/p>\n<p style=\"text-align: justify;\"><span style=\"font-size: 10pt; color: black; font-family: Verdana;\">Su articulo 10 establece que el Instituto Superior\u00a0 de Arte, adoptara total o parcialmente para su estructura organica funcional el reglamento general de gobierno de los Intitutos de Educaci\u00f3n Superior\u00a0 aprobado por decreto N\u00ba 7320-G-03, a los efectos de respetar la especificidad de la instituci\u00f3n.<\/span><\/p>\n<p style=\"text-align: justify;\"><span style=\"font-size: 10pt; color: black; font-family: Verdana;\">Una vez finalizada la acreditaci\u00f3n plena de las Escuelas Superiores de Danza y M\u00fasica con el Instituto de Formaci\u00f3n Docente N\u00ba 4, reci\u00e9n estaban dadas las condiciones para la conformaci\u00f3n plena del Instituto\u00a0 Superior de Arte, por ello la resoluci\u00f3n N\u00ba 3569-G-06 dispuso que a partir del 16 de agosto del a\u00f1o 2006, el Instituto Superior de Arte inicie su periodo de transici\u00f3n bajo las autorizaciones, indicaciones y supervisi\u00f3n de Educaci\u00f3n Superior no Universitaria, actualmente la Direcci\u00f3n de Educaci\u00f3n Superior.<\/span><\/p>\n<p style=\"text-align: justify;\"><span style=\"font-size: 10pt; color: black; font-family: Verdana;\">El 11 de marzo de 2008, por resoluci\u00f3n N\u00ba 367-E-08 se aprueba el Reglamento General periodo de transici\u00f3n del Instituto Superior de Arte.<\/span><\/p>\n<p style=\"text-align: justify;\"><span style=\"font-size: 10pt; color: black; font-family: Verdana;\">Actualmente el Instituto Superior de Arte por Resoluci\u00f3n N\u00ba 5348-E-13, continua su periodo de transici\u00f3n hasta que se reglamente en forma definitiva la organizaci\u00f3n y funcionamiento del mismo.<\/span><\/p>\n<\/td>\n<\/tr>\n<\/tbody>\n<\/table>\n","protected":false},"excerpt":{"rendered":"<p>INSTITUTO SUPERIOR DE ARTE Escuela Superior de Danza \u00abNorma Fontenla\u00bb El Instituto Superior de Arte fue creado por Ley N\u00ba 5364, el 20 de noviembre del a\u00f1o 2003. Se constituye el mismo con las siguientes Instituciones: &#8211;\u00a0\u00a0\u00a0\u00a0\u00a0\u00a0\u00a0 Escuela Superior de Danza \u00abNorma Fontenla\u00bb &#8211;\u00a0\u00a0\u00a0\u00a0\u00a0\u00a0\u00a0 Escuela Superior de M\u00fasica &#8211;\u00a0\u00a0\u00a0\u00a0\u00a0\u00a0\u00a0 Escuela Superior de Arte N\u00ba 2 &#8230; <a title=\"Inicio\" class=\"read-more\" href=\"https:\/\/isa-juj.infd.edu.ar\/sitio\/\" aria-label=\"More on Inicio\">[+]<\/a><\/p>\n","protected":false},"author":7,"featured_media":0,"parent":0,"menu_order":0,"comment_status":"closed","ping_status":"closed","template":"","meta":[],"acf":[],"_links":{"self":[{"href":"https:\/\/isa-juj.infd.edu.ar\/sitio\/wp-json\/wp\/v2\/pages\/286"}],"collection":[{"href":"https:\/\/isa-juj.infd.edu.ar\/sitio\/wp-json\/wp\/v2\/pages"}],"about":[{"href":"https:\/\/isa-juj.infd.edu.ar\/sitio\/wp-json\/wp\/v2\/types\/page"}],"author":[{"embeddable":true,"href":"https:\/\/isa-juj.infd.edu.ar\/sitio\/wp-json\/wp\/v2\/users\/7"}],"replies":[{"embeddable":true,"href":"https:\/\/isa-juj.infd.edu.ar\/sitio\/wp-json\/wp\/v2\/comments?post=286"}],"version-history":[{"count":78,"href":"https:\/\/isa-juj.infd.edu.ar\/sitio\/wp-json\/wp\/v2\/pages\/286\/revisions"}],"predecessor-version":[{"id":927,"href":"https:\/\/isa-juj.infd.edu.ar\/sitio\/wp-json\/wp\/v2\/pages\/286\/revisions\/927"}],"wp:attachment":[{"href":"https:\/\/isa-juj.infd.edu.ar\/sitio\/wp-json\/wp\/v2\/media?parent=286"}],"curies":[{"name":"wp","href":"https:\/\/api.w.org\/{rel}","templated":true}]}}