{"id":1177,"date":"2021-03-02T22:45:04","date_gmt":"2021-03-03T01:45:04","guid":{"rendered":"https:\/\/isa-juj.infd.edu.ar\/sitio\/?page_id=1177"},"modified":"2021-03-02T22:59:12","modified_gmt":"2021-03-03T01:59:12","slug":"inicio-del-cursado-2021","status":"publish","type":"page","link":"https:\/\/isa-juj.infd.edu.ar\/sitio\/inicio-del-cursado-2021\/","title":{"rendered":"Inicio del Cursado 2021"},"content":{"rendered":"<h1><strong>INICIAMOS EL CURSADO DEL INGRESO 2021!!<\/strong><\/h1>\n<h3>Les compartimos la distribuci\u00f3n de las clases y los enlaces para unirse a las mismas ya que el cursado ser\u00e1 de manera virtual en su totalidad.<br \/>\nLes solicitamos chequear el taller y los m\u00f3dulos, fechas y horarios en el que les corresponde asistir.<br \/>\nEn el caso del taller de TIC solo se dicta en el turno noche, es por ello que est\u00e1n divididos por turno y comisiones.<br \/>\nPara la distribuci\u00f3n de los grupos en el m\u00f3dulo disciplinar, deben ubicarse en los n\u00fameros de orden como aparecen en los listados por comisi\u00f3n publicadas anteriormente.<br \/>\n<em>-Bienvenid@s!<\/em><\/h3>\n<ul>\n<li>\n<h3><a href=\"https:\/\/drive.google.com\/file\/d\/1AkY81ZwYKEvTk8cae8ONreqs3JQYQSOi\/view?usp=sharing\"><em><strong>INGRESO ENLACE A LAS CLASES<\/strong><\/em><\/a><\/h3>\n<\/li>\n<\/ul>\n","protected":false},"excerpt":{"rendered":"<p>INICIAMOS EL CURSADO DEL INGRESO 2021!! Les compartimos la distribuci\u00f3n de las clases y los enlaces para unirse a las mismas ya que el cursado ser\u00e1 de manera virtual en su totalidad. Les solicitamos chequear el taller y los m\u00f3dulos, fechas y horarios en el que les corresponde asistir. En el caso del taller de &#8230; <a title=\"Inicio del Cursado 2021\" class=\"read-more\" href=\"https:\/\/isa-juj.infd.edu.ar\/sitio\/inicio-del-cursado-2021\/\" aria-label=\"More on Inicio del Cursado 2021\">[+]<\/a><\/p>\n","protected":false},"author":9,"featured_media":0,"parent":0,"menu_order":0,"comment_status":"closed","ping_status":"closed","template":"","meta":[],"acf":[],"_links":{"self":[{"href":"https:\/\/isa-juj.infd.edu.ar\/sitio\/wp-json\/wp\/v2\/pages\/1177"}],"collection":[{"href":"https:\/\/isa-juj.infd.edu.ar\/sitio\/wp-json\/wp\/v2\/pages"}],"about":[{"href":"https:\/\/isa-juj.infd.edu.ar\/sitio\/wp-json\/wp\/v2\/types\/page"}],"author":[{"embeddable":true,"href":"https:\/\/isa-juj.infd.edu.ar\/sitio\/wp-json\/wp\/v2\/users\/9"}],"replies":[{"embeddable":true,"href":"https:\/\/isa-juj.infd.edu.ar\/sitio\/wp-json\/wp\/v2\/comments?post=1177"}],"version-history":[{"count":3,"href":"https:\/\/isa-juj.infd.edu.ar\/sitio\/wp-json\/wp\/v2\/pages\/1177\/revisions"}],"predecessor-version":[{"id":1212,"href":"https:\/\/isa-juj.infd.edu.ar\/sitio\/wp-json\/wp\/v2\/pages\/1177\/revisions\/1212"}],"wp:attachment":[{"href":"https:\/\/isa-juj.infd.edu.ar\/sitio\/wp-json\/wp\/v2\/media?parent=1177"}],"curies":[{"name":"wp","href":"https:\/\/api.w.org\/{rel}","templated":true}]}}